{"id":1221,"date":"2023-12-19T23:17:14","date_gmt":"2023-12-19T21:17:14","guid":{"rendered":"https:\/\/www.sirin.eu\/career\/"},"modified":"2026-03-31T10:33:48","modified_gmt":"2026-03-31T07:33:48","slug":"liituge-meiega","status":"publish","type":"page","link":"https:\/\/www.sirin.eu\/et\/liituge-meiega\/","title":{"rendered":"Liituge meiega"},"content":{"rendered":"<div class=\"mb-16 md:mb-20\">\n  <div class=\"container\">\n    <div class=\"row\">\n      <div class=\"col-span-12 xl:col-span-10 xl:col-start-2\">\n        <div class=\"md:grid md:grid-cols-12\">\n          <div class=\"md:col-span-8 \">\n            <div class=\"group overflow-hidden relative\">\n              <div class=\"absolute bottom-0 left-0 w-1\/2 sm:w-1\/3 h-[45px] md:w-1\/2 z-10 md:h-[90px] bg-white border-l border-r border-gray-300\"><\/div>\n                            <div class=\"pb-[100%] sm:pb-[79%] relative\">\n                <picture>\n                                    <img decoding=\"async\" class=\"bg transition ease-out duration-[600ms] hover:translate-y-[-58px] h-[calc(100%+58px)]\" loading=\"lazy\" src=\"https:\/\/www.sirin.eu\/app\/uploads\/2024\/01\/Sirin-career.jpg\">\n                <\/picture>\n              <\/div>\n                          <\/div>\n          <\/div>\n          <div class=\"md:col-span-4 pt-12 px-4 md:pt-0 md:px-10 \">\n                        <h2 class=\"h3 text-gray-950 mb-6\">\n              Leidke oma karj\u00e4\u00e4r meie juures            <\/h2>\n                                    <div class=\"prose mobile:prose-sm md:prose-lg\">\n              Meie p\u00fchendumine kasvule algab meie ambitsioonikate eesm\u00e4rkidega koosk\u00f5las olevate spetsialistide ligimeelitamisest ja v\u00e4rbamisest. Keskendume kaasava keskkonna arendamisele, t\u00f6\u00f6tajate kogemuse t\u00e4iustamisele ja tugeva kuuluvustunde edendamisele. Pideva arendamise algatuste kaudu investeerime spetsialistide oskuste arendamisse, juhtimissuutlikkuse tugevdamisse ja individuaalse potentsiaali avamisse. \u00dchinege meiega, et kujundada v\u00e4\u00e4rtustel p\u00f5hinev h\u00e4sti toimiv kultuur ja \u00fchine kohustus vabastada iga meeskonnaliikme t\u00e4ielik potentsiaal.            <\/div>\n                      <\/div>\n        <\/div>\n      <\/div>\n    <\/div>\n  <\/div>\n<\/div>\n\n\n    <div class=\"bg-secondary-500 text-white relative mt-20 sm:mt-0 py-20 md:py-40\">\n        <div class=\"absolute inset-0 pointer-events-none grid-lines text-white hide-2 hide-3 opacity-20\">\n            <div class=\"container h-full\">\n                <div class=\"row h-full\">\n                    <div class=\"col-span-12 xl:col-span-10 xl:col-start-2\">\n                        <div class=\"flex justify-between h-full\">\n                            <div class=\"w-px line bg-current\"><\/div>\n                            <div class=\"w-px line bg-current\"><\/div>\n                            <div class=\"w-px line bg-current\"><\/div>\n                            <div class=\"w-px line bg-current\"><\/div>\n                        <\/div>\n                    <\/div>\n                <\/div>\n            <\/div>\n        <\/div>\n        <div class=\"container\">\n            <div class=\"row\">\n                <div class=\"col-span-12 xl:col-span-10 xl:col-start-2\">\n                    <div class=\"px-4 lg:px-10 pb-5 sm:pb-20 mb-2\">\n\t\t\t\t\t\t                            <h3 class=\"subtitle mb-6 uppercase\">KULTUUR<\/h3>\n\t\t\t\t\t\t\t\t\t\t\t\t                            <h2 class=\"h2 text-white sm:mb-6\">Meie v\u00e4\u00e4rtused<\/h2>\n\t\t\t\t\t\t\t\t\t\t\t\t                    <\/div>\n\t\t\t\t\t                        <div class=\"col-span-12 xl:col-span-10 xl:col-start-2 border-[#555880]\">\n\t\t\t\t\t\t\t                                <div class=\"border border-[#555880] bg-secondary-500 py-6 md:py-10 -mb-px\">\n                                    <div class=\"flex md:-my-10 md:py-10 -my-6 py-6 px-4 md:px-8 items-end justify-between js-acc-head\">\n\t\t\t\t\t\t\t\t\t\t                                            <div class=\"h3 mobile:text-xl mobile:leading-[25px] text-white pointer-events-none\">\n\t\t\t\t\t\t\t\t\t\t\t\tKasv                                            <\/div>\n\t\t\t\t\t\t\t\t\t\t                                    <\/div>\n                                    <div class=\"acc-tab duration-[600ms] overflow-hidden transition-all\">\n\t\t\t\t\t\t\t\t\t\t                                            <div class=\"prose text-white pt-6 px-4 md:px-8  mobile:prose-sm lg:prose-lg\">\n\t\t\t\t\t\t\t\t\t\t\t\tKasvada ja areneda nii \u00fcksikisiku kui ka organisatsioonina                                            <\/div>\n\t\t\t\t\t\t\t\t\t\t                                    <\/div>\n                                <\/div>\n\t\t\t\t\t\t\t                                <div class=\"border border-[#555880] bg-secondary-500 py-6 md:py-10 -mb-px\">\n                                    <div class=\"flex md:-my-10 md:py-10 -my-6 py-6 px-4 md:px-8 items-end justify-between js-acc-head\">\n\t\t\t\t\t\t\t\t\t\t                                            <div class=\"h3 mobile:text-xl mobile:leading-[25px] text-white pointer-events-none\">\n\t\t\t\t\t\t\t\t\t\t\t\tPaindlikkus                                            <\/div>\n\t\t\t\t\t\t\t\t\t\t                                    <\/div>\n                                    <div class=\"acc-tab duration-[600ms] overflow-hidden transition-all\">\n\t\t\t\t\t\t\t\t\t\t                                            <div class=\"prose text-white pt-6 px-4 md:px-8  mobile:prose-sm lg:prose-lg\">\n\t\t\t\t\t\t\t\t\t\t\t\tOlla kiireim ja eestvedaja turul                                            <\/div>\n\t\t\t\t\t\t\t\t\t\t                                    <\/div>\n                                <\/div>\n\t\t\t\t\t\t\t                                <div class=\"border border-[#555880] bg-secondary-500 py-6 md:py-10 -mb-px\">\n                                    <div class=\"flex md:-my-10 md:py-10 -my-6 py-6 px-4 md:px-8 items-end justify-between js-acc-head\">\n\t\t\t\t\t\t\t\t\t\t                                            <div class=\"h3 mobile:text-xl mobile:leading-[25px] text-white pointer-events-none\">\n\t\t\t\t\t\t\t\t\t\t\t\t\u00dchtlus                                            <\/div>\n\t\t\t\t\t\t\t\t\t\t                                    <\/div>\n                                    <div class=\"acc-tab duration-[600ms] overflow-hidden transition-all\">\n\t\t\t\t\t\t\t\t\t\t                                            <div class=\"prose text-white pt-6 px-4 md:px-8  mobile:prose-sm lg:prose-lg\">\n\t\t\t\t\t\t\t\t\t\t\t\tTegutseme \u00fchise tulemuse nimel                                            <\/div>\n\t\t\t\t\t\t\t\t\t\t                                    <\/div>\n                                <\/div>\n\t\t\t\t\t\t\t                        <\/div>\n\t\t\t\t\t                <\/div>\n            <\/div>\n        <\/div>\n        <div class=\"absolute z-30 top-0 mobile:hidden inset-x-0\">\n            <div class=\"container\">\n                <div class=\"row\">\n                    <div class=\"col-span-12 xl:col-span-10 xl:col-start-2\">\n                        <div class=\"absolute inset-0 z-10\">\n                            <div class=\"absolute inset-0 pointer-events-none grid-lines text-gray-300 hide-1 hide-2\">\n                                <div class=\"container h-full\">\n                                    <div class=\"row h-full\">\n                                        <div class=\"col-span-12 xl:col-span-10 xl:col-start-2\">\n                                            <div class=\"flex justify-between h-full\">\n                                                <div class=\"w-px line bg-current\"><\/div>\n                                                <div class=\"w-px line bg-current\"><\/div>\n                                                <div class=\"w-px line bg-current\"><\/div>\n                                                <div class=\"w-px line bg-current\"><\/div>\n                                            <\/div>\n                                        <\/div>\n                                    <\/div>\n                                <\/div>\n                            <\/div>\n                        <\/div>\n                        <div class=\"ml-auto w-1\/2 sm:w-4\/12 relative h-[45px] md:h-[90px]\">\n                            <div class=\"bg-white absolute left-0 inset-y-0 right-[-50vw]\"><\/div>\n                        <\/div>\n                    <\/div>\n                <\/div>\n            <\/div>\n        <\/div>\n    <\/div>\n\n\n<div class=\"py-20 md:py-40 relative bg-white\">\n  <div class=\"absolute inset-0 pointer-events-none grid-lines text-gray-300 hide-2 hide-3\">\n    <div class=\"container h-full\">\n      <div class=\"row h-full\">\n        <div class=\"col-span-12 xl:col-span-10 xl:col-start-2\">\n          <div class=\"flex justify-between h-full\">\n            <div class=\"w-px line bg-current\"><\/div>\n            <div class=\"w-px line bg-current\"><\/div>\n            <div class=\"w-px line bg-current\"><\/div>\n            <div class=\"w-px line bg-current\"><\/div>\n          <\/div>\n        <\/div>\n      <\/div>\n    <\/div>\n  <\/div>\n  <div class=\"container\">\n    <div class=\"row\">\n      <div class=\"col-span-12 xl:col-span-10 xl:col-start-2\">\n        <h2 class=\"h2 mb-14 sm:mb-20 text-center text-gray-950 mobile:text-[26px]\">\n                      Vabad t\u00f6\u00f6kohad                    <span\n            class=\"font-display align-middle bg-primary-600 rounded-sm text-white w-10 h-10 sm:w-[52px] sm:h-[52px] inline-flex items-center text-[17px] sm:text-2xl ml-2 sm:ml-1 mb-1 justify-center\">\n                        2          <\/span>\n        <\/h2>\n                  <a href=\"https:\/\/www.sirin.eu\/et\/positions\/ehitusprojekti-juht-eesti\/\"\n             class=\"border -mb-px py-6 px-4 sm:py-10 sm:px-8 w-full flex border-gray-300\">\n            <div class=\"sm:pr-4\">\n\n              <h3 class=\"h3 text-gray-950 mobile:text-xl mobile:leading-[1.25]\">\n                Ehitusprojekti juht (Eesti)              <\/h3>\n                              <div class=\"subtitle uppercase mt-3 mobile:text-[15px]\">\n                  Eesti, Tallinn                <\/div>\n                          <\/div>\n            <span class=\"btn btn-link ml-auto mt-auto\">\n              Rohkem              <svg>\n                  <use xlink:href=\"https:\/\/www.sirin.eu\/app\/themes\/sirin\/public\/images\/icons.svg?v=1#right\"><\/use>\n              <\/svg>\n            <\/span>\n          <\/a>\n                  <a href=\"https:\/\/www.sirin.eu\/et\/positions\/construction-project-manager-latvia\/\"\n             class=\"border -mb-px py-6 px-4 sm:py-10 sm:px-8 w-full flex border-gray-300\">\n            <div class=\"sm:pr-4\">\n\n              <h3 class=\"h3 text-gray-950 mobile:text-xl mobile:leading-[1.25]\">\n                Ehitusprojekti juht (L\u00e4ti)              <\/h3>\n                              <div class=\"subtitle uppercase mt-3 mobile:text-[15px]\">\n                  L\u00e4ti, Riia                <\/div>\n                          <\/div>\n            <span class=\"btn btn-link ml-auto mt-auto\">\n              Rohkem              <svg>\n                  <use xlink:href=\"https:\/\/www.sirin.eu\/app\/themes\/sirin\/public\/images\/icons.svg?v=1#right\"><\/use>\n              <\/svg>\n            <\/span>\n          <\/a>\n                      <\/div>\n    <\/div>\n  <\/div>\n<\/div>\n","protected":false},"excerpt":{"rendered":"","protected":false},"author":1,"featured_media":0,"parent":0,"menu_order":0,"comment_status":"closed","ping_status":"closed","template":"","meta":{"_acf_changed":false,"inline_featured_image":false,"footnotes":""},"class_list":["post-1221","page","type-page","status-publish","hentry"],"acf":[],"yoast_head":"<!-- This site is optimized with the Yoast SEO plugin v26.6 - https:\/\/yoast.com\/wordpress\/plugins\/seo\/ -->\n<title>Karj\u00e4\u00e4r Sirin Developmentis | T\u00f6\u00f6pakkumised NT valdkonnas<\/title>\n<meta name=\"description\" content=\"Sirin Development \u00fchendab t\u00f6\u00f6stuskinnisvara professionaale. Ettev\u00f5te pakub t\u00f6\u00f6kohti Tallinnas, Vilniuses ja Kaunases meeskonna arenguks.\" \/>\n<meta name=\"robots\" content=\"index, follow, max-snippet:-1, max-image-preview:large, max-video-preview:-1\" \/>\n<link rel=\"canonical\" href=\"https:\/\/www.sirin.eu\/et\/liituge-meiega\/\" \/>\n<meta property=\"og:locale\" content=\"et_EE\" \/>\n<meta property=\"og:type\" content=\"article\" \/>\n<meta property=\"og:title\" content=\"Karj\u00e4\u00e4r Sirin Developmentis | T\u00f6\u00f6pakkumised NT valdkonnas\" \/>\n<meta property=\"og:description\" content=\"Sirin Development \u00fchendab t\u00f6\u00f6stuskinnisvara professionaale. Ettev\u00f5te pakub t\u00f6\u00f6kohti Tallinnas, Vilniuses ja Kaunases meeskonna arenguks.\" \/>\n<meta property=\"og:url\" content=\"https:\/\/www.sirin.eu\/et\/liituge-meiega\/\" \/>\n<meta property=\"og:site_name\" content=\"SIRIN\" \/>\n<meta property=\"article:modified_time\" content=\"2026-03-31T07:33:48+00:00\" \/>\n<meta property=\"og:image\" content=\"https:\/\/www.sirin.eu\/app\/uploads\/2023\/12\/J55-scaled.jpg\" \/>\n\t<meta property=\"og:image:width\" content=\"2560\" \/>\n\t<meta property=\"og:image:height\" content=\"1466\" \/>\n\t<meta property=\"og:image:type\" content=\"image\/jpeg\" \/>\n<meta name=\"twitter:card\" content=\"summary_large_image\" \/>\n<script type=\"application\/ld+json\" class=\"yoast-schema-graph\">{\"@context\":\"https:\/\/schema.org\",\"@graph\":[{\"@type\":\"WebPage\",\"@id\":\"https:\/\/www.sirin.eu\/et\/liituge-meiega\/\",\"url\":\"https:\/\/www.sirin.eu\/et\/liituge-meiega\/\",\"name\":\"Karj\u00e4\u00e4r Sirin Developmentis | T\u00f6\u00f6pakkumised NT valdkonnas\",\"isPartOf\":{\"@id\":\"https:\/\/www.sirin.eu\/et\/#website\"},\"datePublished\":\"2023-12-19T21:17:14+00:00\",\"dateModified\":\"2026-03-31T07:33:48+00:00\",\"description\":\"Sirin Development \u00fchendab t\u00f6\u00f6stuskinnisvara professionaale. Ettev\u00f5te pakub t\u00f6\u00f6kohti Tallinnas, Vilniuses ja Kaunases meeskonna arenguks.\",\"breadcrumb\":{\"@id\":\"https:\/\/www.sirin.eu\/et\/liituge-meiega\/#breadcrumb\"},\"inLanguage\":\"et\",\"potentialAction\":[{\"@type\":\"ReadAction\",\"target\":[\"https:\/\/www.sirin.eu\/et\/liituge-meiega\/\"]}]},{\"@type\":\"BreadcrumbList\",\"@id\":\"https:\/\/www.sirin.eu\/et\/liituge-meiega\/#breadcrumb\",\"itemListElement\":[{\"@type\":\"ListItem\",\"position\":1,\"name\":\"Home\",\"item\":\"https:\/\/www.sirin.eu\/et\/\"},{\"@type\":\"ListItem\",\"position\":2,\"name\":\"Liituge meiega\"}]},{\"@type\":\"WebSite\",\"@id\":\"https:\/\/www.sirin.eu\/et\/#website\",\"url\":\"https:\/\/www.sirin.eu\/et\/\",\"name\":\"SIRIN\",\"description\":\"\",\"potentialAction\":[{\"@type\":\"SearchAction\",\"target\":{\"@type\":\"EntryPoint\",\"urlTemplate\":\"https:\/\/www.sirin.eu\/et\/?s={search_term_string}\"},\"query-input\":{\"@type\":\"PropertyValueSpecification\",\"valueRequired\":true,\"valueName\":\"search_term_string\"}}],\"inLanguage\":\"et\"}]}<\/script>\n<!-- \/ Yoast SEO plugin. -->","yoast_head_json":{"title":"Karj\u00e4\u00e4r Sirin Developmentis | T\u00f6\u00f6pakkumised NT valdkonnas","description":"Sirin Development \u00fchendab t\u00f6\u00f6stuskinnisvara professionaale. Ettev\u00f5te pakub t\u00f6\u00f6kohti Tallinnas, Vilniuses ja Kaunases meeskonna arenguks.","robots":{"index":"index","follow":"follow","max-snippet":"max-snippet:-1","max-image-preview":"max-image-preview:large","max-video-preview":"max-video-preview:-1"},"canonical":"https:\/\/www.sirin.eu\/et\/liituge-meiega\/","og_locale":"et_EE","og_type":"article","og_title":"Karj\u00e4\u00e4r Sirin Developmentis | T\u00f6\u00f6pakkumised NT valdkonnas","og_description":"Sirin Development \u00fchendab t\u00f6\u00f6stuskinnisvara professionaale. Ettev\u00f5te pakub t\u00f6\u00f6kohti Tallinnas, Vilniuses ja Kaunases meeskonna arenguks.","og_url":"https:\/\/www.sirin.eu\/et\/liituge-meiega\/","og_site_name":"SIRIN","article_modified_time":"2026-03-31T07:33:48+00:00","og_image":[{"width":2560,"height":1466,"url":"https:\/\/www.sirin.eu\/app\/uploads\/2023\/12\/J55-scaled.jpg","type":"image\/jpeg"}],"twitter_card":"summary_large_image","schema":{"@context":"https:\/\/schema.org","@graph":[{"@type":"WebPage","@id":"https:\/\/www.sirin.eu\/et\/liituge-meiega\/","url":"https:\/\/www.sirin.eu\/et\/liituge-meiega\/","name":"Karj\u00e4\u00e4r Sirin Developmentis | T\u00f6\u00f6pakkumised NT valdkonnas","isPartOf":{"@id":"https:\/\/www.sirin.eu\/et\/#website"},"datePublished":"2023-12-19T21:17:14+00:00","dateModified":"2026-03-31T07:33:48+00:00","description":"Sirin Development \u00fchendab t\u00f6\u00f6stuskinnisvara professionaale. Ettev\u00f5te pakub t\u00f6\u00f6kohti Tallinnas, Vilniuses ja Kaunases meeskonna arenguks.","breadcrumb":{"@id":"https:\/\/www.sirin.eu\/et\/liituge-meiega\/#breadcrumb"},"inLanguage":"et","potentialAction":[{"@type":"ReadAction","target":["https:\/\/www.sirin.eu\/et\/liituge-meiega\/"]}]},{"@type":"BreadcrumbList","@id":"https:\/\/www.sirin.eu\/et\/liituge-meiega\/#breadcrumb","itemListElement":[{"@type":"ListItem","position":1,"name":"Home","item":"https:\/\/www.sirin.eu\/et\/"},{"@type":"ListItem","position":2,"name":"Liituge meiega"}]},{"@type":"WebSite","@id":"https:\/\/www.sirin.eu\/et\/#website","url":"https:\/\/www.sirin.eu\/et\/","name":"SIRIN","description":"","potentialAction":[{"@type":"SearchAction","target":{"@type":"EntryPoint","urlTemplate":"https:\/\/www.sirin.eu\/et\/?s={search_term_string}"},"query-input":{"@type":"PropertyValueSpecification","valueRequired":true,"valueName":"search_term_string"}}],"inLanguage":"et"}]}},"_links":{"self":[{"href":"https:\/\/www.sirin.eu\/et\/wp-json\/wp\/v2\/pages\/1221","targetHints":{"allow":["GET"]}}],"collection":[{"href":"https:\/\/www.sirin.eu\/et\/wp-json\/wp\/v2\/pages"}],"about":[{"href":"https:\/\/www.sirin.eu\/et\/wp-json\/wp\/v2\/types\/page"}],"author":[{"embeddable":true,"href":"https:\/\/www.sirin.eu\/et\/wp-json\/wp\/v2\/users\/1"}],"replies":[{"embeddable":true,"href":"https:\/\/www.sirin.eu\/et\/wp-json\/wp\/v2\/comments?post=1221"}],"version-history":[{"count":4,"href":"https:\/\/www.sirin.eu\/et\/wp-json\/wp\/v2\/pages\/1221\/revisions"}],"predecessor-version":[{"id":4374,"href":"https:\/\/www.sirin.eu\/et\/wp-json\/wp\/v2\/pages\/1221\/revisions\/4374"}],"wp:attachment":[{"href":"https:\/\/www.sirin.eu\/et\/wp-json\/wp\/v2\/media?parent=1221"}],"curies":[{"name":"wp","href":"https:\/\/api.w.org\/{rel}","templated":true}]}}