{"id":1223,"date":"2023-12-19T12:50:07","date_gmt":"2023-12-19T10:50:07","guid":{"rendered":"https:\/\/www.sirin.eu\/privacy-policy\/"},"modified":"2026-03-31T10:55:40","modified_gmt":"2026-03-31T07:55:40","slug":"privaatsuspoliitika","status":"publish","type":"page","link":"https:\/\/www.sirin.eu\/et\/privaatsuspoliitika\/","title":{"rendered":"Privaatsuspoliitika"},"content":{"rendered":"\n<p>Oma tegevuse k\u00e4igus UAB \u201eSIRIN Development\u201c, juriidilise isiku kood 300570900, aadress: A. Vivulskio st. 7-1, LT-03162, Vilnius (edaspidi \u2013 <strong>SIRIN Development<\/strong>), e-post: info@sirin.eu, kogub ja t\u00f6\u00f6tleb isikuandmeid ning p\u00f6\u00f6rab t\u00e4helepanu iga isiku privaatsusele, kelle isikuandmeid t\u00f6\u00f6deldakse.<\/p>\n\n\n\n<p>Ettev\u00f5tte SIRIN Development privaatsuspoliitika (edaspii \u2013 <strong>Privaatsuspoliitika<\/strong> ) annab teavet SIRIN Developmenti (isikuandmete t\u00f6\u00f6tleja) poolt sellel veebisaidil kogutud isikuandmete, muude teenuste osutamisega seoses kogutud isikuandmete, kogutud isikuandmete t\u00f6\u00f6tlemise ning iga isiku \u00f5iguste ja kohustuste kohta, kelle isikuandmeid SIRIN Development t\u00f6\u00f6tleb.<\/p>\n\n\n\n<p>SIRIN Development t\u00f6\u00f6tleb isikuandmeid Leedu ja Euroopa Liidu \u00f5igusaktide, muu hulgas isikuandmete kaitse \u00fcldm\u00e4\u00e4ruse (edaspidi <strong>GDPR<\/strong>) kohaselt.<\/p>\n\n\n\n<p>SIRIN Development, austades iga \u00fcksikisiku privaatsust ja isikuandmete kaitset, teeb k\u00f5ik endast oleneva, et tagada isikuandmete ja muu t\u00f6\u00f6deldava teabe turvalisus ja konfidentsiaalsus.<\/p>\n\n\n\n<h2 class=\"wp-block-heading\">1. Mis on isikuandmed?<\/h2>\n\n\n\n<p>Isikuandmed on mis tahes teave, mis on seotud inimesega ja mida kasutades saab otseselt v\u00f5i kaudselt isikut tuvastada. N\u00e4iteks: nimi, perekonnanimi, e-posti aadress, telefoninumber, pilt ja muu teave.<\/p>\n\n\n\n<h2 class=\"wp-block-heading\">2. Millal privaatsuss\u00e4tteid kohaldatakse?<\/h2>\n\n\n\n<p>Seda privaatsuspoliitikat kohaldatakse siis, kui isikuandmeid esitatakse veebisaidil <a href=\"http:\/\/www.sirin.eu\">www.sirin.eu<\/a>, kui klientide, tarnijate, m\u00fc\u00fcjate ja\/v\u00f5i nende esindajate isikuandmeid esitatakse lepingute s\u00f5lmimiseks ja t\u00e4itmiseks, \u00e4risuhete s\u00e4ilitamiseks, samuti SIRIN Developmentiga telefoni teel suhtlemiseks.<\/p>\n\n\n\n<h2 class=\"wp-block-heading\">3. Mis on isikuandmete t\u00f6\u00f6tlemine?<\/h2>\n\n\n\n<p>K\u00f5ik isikuandmetega tehtavad tegevused (toimingud), muu hulgas kogumine, salvestamine, s\u00e4ilitamine, muutmine, juurdep\u00e4\u00e4su v\u00f5imaldamine, p\u00e4ringud, edastamine jne.<\/p>\n\n\n\n<h2 class=\"wp-block-heading\">4. Milliseid isikuandmeid SIRIN Development kogub ja t\u00f6\u00f6tleb ning millisel eesm\u00e4rgil?<\/h2>\n\n\n\n<p>Privaatsuspoliitika selles jaotises antakse teavet SIRIN Developmenti t\u00f6\u00f6deldavate isikuandmete t\u00fc\u00fcbi ja eesm\u00e4rkide kohta.<\/p>\n\n\n\n<p>4.1. Otseturundus<\/p>\n\n\n\n<p>SIRIN Developmenti poolt teostatav otseturundus koosneb j\u00e4rgmisest:<\/p>\n\n\n\n<ul class=\"wp-block-list\">\n<li>uudised, kaubanduslikud pakkumised ja k\u00fcsitlused e-posti teel;<\/li>\n<\/ul>\n\n\n\n<p>Isikuandmete t\u00f6\u00f6tlemise \u00f5iguslikuks aluseks on isiku antud n\u00f5usolek oma isikuandmete t\u00f6\u00f6tlemiseks otseturunduse eesm\u00e4rgil.<\/p>\n\n\n\n<p>Isik esitab j\u00e4rgmised isikuandmed ja neid t\u00f6\u00f6deldakse otseturunduse eesm\u00e4rgil: isiku nimi, perekonnanimi, e-posti aadress, telefoninumber, ettev\u00f5tte nimi.<\/p>\n\n\n\n<p>Otseturunduse eesm\u00e4rgil v\u00f5ib kogutud isikuandmeid t\u00f6\u00f6delda 2 (kaks) aastat p\u00e4rast n\u00f5usoleku saamist.<\/p>\n\n\n\n<p>N\u00f5usoleku andnud isikul on alati \u00f5igus otseturunduse pakkumistest v\u00f5i nende osast igal ajal loobuda. Seda saab teha, kl\u00f5psates saadud uudiskirjas\/pakkumises oleval lingil, mis v\u00f5imaldab loobuda k\u00f5igi v\u00f5i osa otseturunduse pakkumiste saamisest. Samuti on v\u00f5imalik otseturunduse pakkumistest loobuda, kirjutades e-kirja aadressile <a href=\"mailto:info@sirin.eu\">info@sirin.eu<\/a>. Otseturunduse pakkumistest keeldumisel ei ole negatiivseid tagaj\u00e4rgi, vaid vastavaid pakkumisi, uudiseid v\u00f5i muud otseturundusteavet tulevikus enam ei esitata.<\/p>\n\n\n\n<p>N\u00f5usoleku tagasiv\u00f5tmine ei m\u00f5juta selliste isikuandmete t\u00f6\u00f6tlemist ja tulemusi, mis on juba tehtud enne n\u00f5usoleku tagasiv\u00f5tmist v\u00f5i otseturunduse n\u00f5usolekust keeldumist.<\/p>\n\n\n\n<p>4.2. P\u00e4ringute (kaebused, ettepanekud jne) l\u00e4bivaatamine<\/p>\n\n\n\n<p>K\u00f5ik ettepanekud, ideed, k\u00fcsimused, kaebused, tagasiside ja muud p\u00e4ringud saab esitada ettev\u00f5tte SIRIN Development veebisaidil <a href=\"http:\/\/www.sirin.eu\">www.sirin.eu<\/a>.<\/p>\n\n\n\n<p>Esitatud soovituste, ideede, k\u00fcsimuste, kaebuste, tagasiside eesm\u00e4rgil t\u00f6\u00f6deldakse j\u00e4rgmisi isikuandmeid: nimi, perekonnanimi, telefoninumber, e-posti aadress. Selleks t\u00f6\u00f6deldakse isikuandmeid \u00fcksikisiku n\u00f5usolekul. Isikuandmeid t\u00f6\u00f6deldakse taotluse t\u00f6\u00f6tlemise ajal.<\/p>\n\n\n\n<p>N\u00f5usoleku esitatud isikuandmete t\u00f6\u00f6tlemiseks taotluste (kaebused, ettepanekud jne) t\u00f6\u00f6tlemiseks saab igal ajal tagasi v\u00f5tta, kirjutades kirja aadressile <a href=\"mailto:info@sirin.eu\">info@sirin.eu<\/a>. Kirjas tuleb m\u00e4rkida teie taotluse t\u00e4pne olemus. N\u00f5usoleku tagasiv\u00f5tmine ei p\u00f5hjusta negatiivseid tagaj\u00e4rgi, kuid esitatud kaebust, taotlust v\u00f5i ettepanekut ei v\u00f5eta enam arvesse. N\u00f5usoleku tagasiv\u00f5tmine ei m\u00f5juta isikuandmete t\u00f6\u00f6tlemist, mis toimus juba enne n\u00f5usoleku tagasiv\u00f5tmist, ja sellise t\u00f6\u00f6tlemise tagaj\u00e4rgi.<\/p>\n\n\n\n<p>4.3. Klientide, tarnijate, m\u00fc\u00fcjate ja\/v\u00f5i nende esindajate andmete t\u00f6\u00f6tlemine<\/p>\n\n\n\n<p>SIRIN Development t\u00f6\u00f6tleb kliendi, tarnija, m\u00fc\u00fcja ja\/v\u00f5i nende esindajate isikuandmeid \u00e4risuhete s\u00e4ilitamiseks, lepingute s\u00f5lmimiseks ja t\u00e4itmiseks. Nendel eesm\u00e4rkidel t\u00f6\u00f6deldakse isikuandmeid lepingute s\u00f5lmimiseks ja t\u00e4itmiseks ettev\u00f5tte SIRIN Development ja selle klientide, m\u00fc\u00fcjate ning tarnijate \u00f5igustatud huvi alusel.<\/p>\n\n\n\n<p>Sel eesm\u00e4rgil t\u00f6\u00f6deldavad isikuandmed: nimi, perekonnanimi, t\u00f6\u00f6koht, ametikoht, telefoninumber, e-posti aadress.<\/p>\n\n\n\n<p>Nende isikuandmete esitamine on vajalik lepingu s\u00f5lmimiseks ja t\u00e4itmiseks.<\/p>\n\n\n\n<p>Isikuandmeid s\u00e4ilitatakse 10 aastat alates andmete kogumise algusest. T\u00e4htaega pikendatakse veel 5 aasta v\u00f5rra, kui \u00e4risuhted nimetatud klientide, tarnijate v\u00f5i m\u00fc\u00fcjatega j\u00e4tkuvad.<\/p>\n\n\n\n<h2 class=\"wp-block-heading\">5. Kellele isikuandmeid esitatakse?<\/h2>\n\n\n\n<p>SIRIN Development v\u00f5ib edastada isikuandmeid:<\/p>\n\n\n\n<ul class=\"wp-block-list\">\n<li>ettev\u00f5tte SIRIN Development nimel tegutsevatele isikuandmete haldajatele: infotehnoloogiateenuseid osutavatele ettev\u00f5tetele, mis tahes muudele isikuandmete haldajatele, kellega SIRIN Development s\u00f5lmib isikuandmete t\u00f6\u00f6tlemise lepingud;<\/li>\n\n\n\n<li>andmete vastuv\u00f5tjatele: SIRIN Developmenti arenduspartneritele, kellega koost\u00f6\u00f6s teenuseid osutatakse; teistele SIRIN Developmenti kontserni ettev\u00f5tetele; mis tahes kolmandatele isikutele \u00f5igusaktides lubatud juhtudel ja ulatuses.<\/li>\n<\/ul>\n\n\n\n<h2 class=\"wp-block-heading\">6. Millised on teie \u00f5igused?<\/h2>\n\n\n\n<p>Andmesubjektina on teil j\u00e4rgmised \u00f5igused:<\/p>\n\n\n\n<ul class=\"wp-block-list\">\n<li>\u00f5igus saada teavet oma isikuandmete t\u00f6\u00f6tlemise kohta;<\/li>\n\n\n\n<li>juurdep\u00e4\u00e4s teie kohta t\u00f6\u00f6deldavatele isikuandmetele;<\/li>\n\n\n\n<li>\u00f5igus n\u00f5uda ebat\u00e4psete, vigaste v\u00f5i mittet\u00e4ielike andmete parandamist;<\/li>\n\n\n\n<li>\u00f5igus n\u00f5uda andmete t\u00f6\u00f6tlemise piiramist;<\/li>\n\n\n\n<li>\u00f5igus esitada vastuv\u00e4iteid oma isikuandmete t\u00f6\u00f6tlemisele, kui isikuandmete t\u00f6\u00f6tlemine p\u00f5hineb \u00f5igustatud huvil;<\/li>\n\n\n\n<li>\u00f5igus taotleda isikuandmete kustutamist (kui v\u00f5tate oma n\u00f5usoleku tagasi);<\/li>\n\n\n\n<li>andmete \u00fclekandmise \u00f5igus;<\/li>\n\n\n\n<li>\u00f5igus v\u00f5tta oma n\u00f5usolek tagasi igal ajal (kui isikuandmeid t\u00f6\u00f6deldakse n\u00f5usoleku alusel);<\/li>\n\n\n\n<li>\u00f5igus esitada kaebus andmekaitse j\u00e4relevalveasutusele, kelle kontaktandmed leiate aadressilt&nbsp;<a href=\"http:\/\/www.vdai.lrv.lt\/\">vdai.lrv.lt<\/a>.<\/li>\n<\/ul>\n\n\n\n<p>Kui kavatsete oma \u00f5igusi kasutada, v\u00f5tke \u00fchendust ettev\u00f5ttega SIRIN Development e-posti aadressil <a href=\"mailto:info@sirin.eu\">info@sirin.eu<\/a>, esitades oma konkreetse taotluse \u00fcksikasjalikult. Pange t\u00e4hele, et oma \u00f5iguste kasutamisel peate oma isiku n\u00f5uetekohaselt verifitseerima. Oma isikusamasust saate kinnitada kvalifitseeritud elektroonilise v\u00f5i mobiilse allkirjaga allkirjastades v\u00f5i esitades oma isikut t\u00f5endava dokumendi (originaali v\u00f5i notariaalselt t\u00f5estatud koopia) koos taotlusega.<\/p>\n\n\n\n<p>SIRIN Development t\u00f6\u00f6tleb teie taotlust ja annab teavet tasuta ning \u00fche kuu jooksul. Kui teie saadetud taotlused on m\u00e4rgatavalt p\u00f5hjendamatud v\u00f5i ebaproportsionaalsed, eelk\u00f5ige oma korduva sisu t\u00f5ttu, j\u00e4tab SIRIN Development endale \u00f5iguse v\u00f5tta m\u00f5istlikku tasu, v\u00f5ttes arvesse teie taotletud teabe v\u00f5i teadete v\u00f5i toimingute halduskulusid, v\u00f5i keelduda taotluse alusel tegutsemast.<\/p>\n\n\n\n<p>Kui arvate, et SIRIN Development ei t\u00f6\u00f6tle teie isikuandmeid n\u00f5uetekohaselt v\u00f5i ei kasuta n\u00f5uetekohaselt v\u00f5i ei taga teie \u00f5igusi, v\u00f5tke k\u00f5igepealt \u00fchendust ettev\u00f5ttega SIRIN Development ja SIRIN Development on valmis probleemid koos teiega lahendama. Kui te ei ole SIRIN Developmenti vastusega rahul, on teil \u00f5igus p\u00f6\u00f6rduda riikliku andmekaitse j\u00e4relevalveasutuse poole, mille kohta leiate kogu teabe aadressilt <a href=\"http:\/\/www.vdai.lrv.lt\">www.vdai.lrv.lt<\/a>.<\/p>\n\n\n\n<h2 class=\"wp-block-heading\">7. Mis on teie vastutus ja kohustused?<\/h2>\n\n\n\n<p>Vastutate t\u00e4ielikult oma esitatud isikuandmete \u00f5igsuse ja t\u00e4psuse eest.<\/p>\n\n\n\n<p>Kui teie esitatud isikuandmed v\u00f5i muu asjakohane teave muutub, peate viivitamatult parandama teie esitatud isikuandmed v\u00f5i muu asjakohase teabe.<\/p>\n\n\n\n<h2 class=\"wp-block-heading\">8. Millised on SIRIN Developmenti \u00f5igused?<\/h2>\n\n\n\n<p>Kui SIRIN Development kahtleb esitatud isikuandmete v\u00f5i muu asjakohase teabe \u00f5igsuses, on tal \u00f5igus n\u00f5uda andmete v\u00f5i seonduva teabe parandamist ja\/v\u00f5i t\u00e4iendamist.<\/p>\n\n\n\n<h2 class=\"wp-block-heading\">9. Kuhu p\u00f6\u00f6rduda, kui teil on k\u00fcsimusi?<\/h2>\n\n\n\n<p>Kui teil on k\u00fcsimusi oma isikuandmete t\u00f6\u00f6tlemise kohta, v\u00f5tke \u00fchendust ettev\u00f5ttega SIRIN Development e-posti aadressil <a href=\"mailto:info@sirin.eu\">info@sirin.eu<\/a>.<\/p>\n","protected":false},"excerpt":{"rendered":"<p>Oma tegevuse k\u00e4igus UAB \u201eSIRIN Development\u201c, juriidilise isiku kood 300570900, aadress: A. Vivulskio st. 7-1, LT-03162, Vilnius (edaspidi \u2013 SIRIN Development), e-post: info@sirin.eu, kogub ja t\u00f6\u00f6tleb isikuandmeid ning p\u00f6\u00f6rab t\u00e4helepanu iga isiku privaatsusele, kelle isikuandmeid t\u00f6\u00f6deldakse. Ettev\u00f5tte SIRIN Development privaatsuspoliitika (edaspii \u2013 Privaatsuspoliitika ) annab teavet SIRIN Developmenti (isikuandmete t\u00f6\u00f6tleja) poolt sellel veebisaidil kogutud isikuandmete, [&hellip;]<\/p>\n","protected":false},"author":1,"featured_media":0,"parent":0,"menu_order":0,"comment_status":"closed","ping_status":"open","template":"template-privacy.blade.php","meta":{"_acf_changed":false,"inline_featured_image":false,"footnotes":""},"class_list":["post-1223","page","type-page","status-publish","hentry"],"acf":[],"yoast_head":"<!-- This site is optimized with the Yoast SEO plugin v26.6 - https:\/\/yoast.com\/wordpress\/plugins\/seo\/ -->\n<title>Privaatsuspoliitika ja isikuandmete t\u00f6\u00f6tlemine | Sirin Development<\/title>\n<meta name=\"description\" content=\"Sirin Development t\u00f6\u00f6tleb isikuandmeid vastavalt isikuandmete kaitse \u00fcldm\u00e4\u00e4rusele (IK\u00dcM). Poliitika tagab kliendiinfo turvalisuse Baltikumis.\" \/>\n<meta name=\"robots\" content=\"index, follow, max-snippet:-1, max-image-preview:large, max-video-preview:-1\" \/>\n<link rel=\"canonical\" href=\"https:\/\/www.sirin.eu\/et\/privaatsuspoliitika\/\" \/>\n<meta property=\"og:locale\" content=\"et_EE\" \/>\n<meta property=\"og:type\" content=\"article\" \/>\n<meta property=\"og:title\" content=\"Privaatsuspoliitika ja isikuandmete t\u00f6\u00f6tlemine | Sirin Development\" \/>\n<meta property=\"og:description\" content=\"Sirin Development t\u00f6\u00f6tleb isikuandmeid vastavalt isikuandmete kaitse \u00fcldm\u00e4\u00e4rusele (IK\u00dcM). Poliitika tagab kliendiinfo turvalisuse Baltikumis.\" \/>\n<meta property=\"og:url\" content=\"https:\/\/www.sirin.eu\/et\/privaatsuspoliitika\/\" \/>\n<meta property=\"og:site_name\" content=\"SIRIN\" \/>\n<meta property=\"article:modified_time\" content=\"2026-03-31T07:55:40+00:00\" \/>\n<meta property=\"og:image\" content=\"https:\/\/www.sirin.eu\/app\/uploads\/2023\/12\/J55-scaled.jpg\" \/>\n\t<meta property=\"og:image:width\" content=\"2560\" \/>\n\t<meta property=\"og:image:height\" content=\"1466\" \/>\n\t<meta property=\"og:image:type\" content=\"image\/jpeg\" \/>\n<meta name=\"twitter:card\" content=\"summary_large_image\" \/>\n<meta name=\"twitter:label1\" content=\"Est. reading time\" \/>\n\t<meta name=\"twitter:data1\" content=\"6 minutes\" \/>\n<script type=\"application\/ld+json\" class=\"yoast-schema-graph\">{\"@context\":\"https:\/\/schema.org\",\"@graph\":[{\"@type\":\"WebPage\",\"@id\":\"https:\/\/www.sirin.eu\/et\/privaatsuspoliitika\/\",\"url\":\"https:\/\/www.sirin.eu\/et\/privaatsuspoliitika\/\",\"name\":\"Privaatsuspoliitika ja isikuandmete t\u00f6\u00f6tlemine | Sirin Development\",\"isPartOf\":{\"@id\":\"https:\/\/www.sirin.eu\/et\/#website\"},\"datePublished\":\"2023-12-19T10:50:07+00:00\",\"dateModified\":\"2026-03-31T07:55:40+00:00\",\"description\":\"Sirin Development t\u00f6\u00f6tleb isikuandmeid vastavalt isikuandmete kaitse \u00fcldm\u00e4\u00e4rusele (IK\u00dcM). Poliitika tagab kliendiinfo turvalisuse Baltikumis.\",\"breadcrumb\":{\"@id\":\"https:\/\/www.sirin.eu\/et\/privaatsuspoliitika\/#breadcrumb\"},\"inLanguage\":\"et\",\"potentialAction\":[{\"@type\":\"ReadAction\",\"target\":[\"https:\/\/www.sirin.eu\/et\/privaatsuspoliitika\/\"]}]},{\"@type\":\"BreadcrumbList\",\"@id\":\"https:\/\/www.sirin.eu\/et\/privaatsuspoliitika\/#breadcrumb\",\"itemListElement\":[{\"@type\":\"ListItem\",\"position\":1,\"name\":\"Home\",\"item\":\"https:\/\/www.sirin.eu\/et\/\"},{\"@type\":\"ListItem\",\"position\":2,\"name\":\"Privaatsuspoliitika\"}]},{\"@type\":\"WebSite\",\"@id\":\"https:\/\/www.sirin.eu\/et\/#website\",\"url\":\"https:\/\/www.sirin.eu\/et\/\",\"name\":\"SIRIN\",\"description\":\"\",\"potentialAction\":[{\"@type\":\"SearchAction\",\"target\":{\"@type\":\"EntryPoint\",\"urlTemplate\":\"https:\/\/www.sirin.eu\/et\/?s={search_term_string}\"},\"query-input\":{\"@type\":\"PropertyValueSpecification\",\"valueRequired\":true,\"valueName\":\"search_term_string\"}}],\"inLanguage\":\"et\"}]}<\/script>\n<!-- \/ Yoast SEO plugin. -->","yoast_head_json":{"title":"Privaatsuspoliitika ja isikuandmete t\u00f6\u00f6tlemine | Sirin Development","description":"Sirin Development t\u00f6\u00f6tleb isikuandmeid vastavalt isikuandmete kaitse \u00fcldm\u00e4\u00e4rusele (IK\u00dcM). Poliitika tagab kliendiinfo turvalisuse Baltikumis.","robots":{"index":"index","follow":"follow","max-snippet":"max-snippet:-1","max-image-preview":"max-image-preview:large","max-video-preview":"max-video-preview:-1"},"canonical":"https:\/\/www.sirin.eu\/et\/privaatsuspoliitika\/","og_locale":"et_EE","og_type":"article","og_title":"Privaatsuspoliitika ja isikuandmete t\u00f6\u00f6tlemine | Sirin Development","og_description":"Sirin Development t\u00f6\u00f6tleb isikuandmeid vastavalt isikuandmete kaitse \u00fcldm\u00e4\u00e4rusele (IK\u00dcM). Poliitika tagab kliendiinfo turvalisuse Baltikumis.","og_url":"https:\/\/www.sirin.eu\/et\/privaatsuspoliitika\/","og_site_name":"SIRIN","article_modified_time":"2026-03-31T07:55:40+00:00","og_image":[{"width":2560,"height":1466,"url":"https:\/\/www.sirin.eu\/app\/uploads\/2023\/12\/J55-scaled.jpg","type":"image\/jpeg"}],"twitter_card":"summary_large_image","twitter_misc":{"Est. reading time":"6 minutes"},"schema":{"@context":"https:\/\/schema.org","@graph":[{"@type":"WebPage","@id":"https:\/\/www.sirin.eu\/et\/privaatsuspoliitika\/","url":"https:\/\/www.sirin.eu\/et\/privaatsuspoliitika\/","name":"Privaatsuspoliitika ja isikuandmete t\u00f6\u00f6tlemine | Sirin Development","isPartOf":{"@id":"https:\/\/www.sirin.eu\/et\/#website"},"datePublished":"2023-12-19T10:50:07+00:00","dateModified":"2026-03-31T07:55:40+00:00","description":"Sirin Development t\u00f6\u00f6tleb isikuandmeid vastavalt isikuandmete kaitse \u00fcldm\u00e4\u00e4rusele (IK\u00dcM). Poliitika tagab kliendiinfo turvalisuse Baltikumis.","breadcrumb":{"@id":"https:\/\/www.sirin.eu\/et\/privaatsuspoliitika\/#breadcrumb"},"inLanguage":"et","potentialAction":[{"@type":"ReadAction","target":["https:\/\/www.sirin.eu\/et\/privaatsuspoliitika\/"]}]},{"@type":"BreadcrumbList","@id":"https:\/\/www.sirin.eu\/et\/privaatsuspoliitika\/#breadcrumb","itemListElement":[{"@type":"ListItem","position":1,"name":"Home","item":"https:\/\/www.sirin.eu\/et\/"},{"@type":"ListItem","position":2,"name":"Privaatsuspoliitika"}]},{"@type":"WebSite","@id":"https:\/\/www.sirin.eu\/et\/#website","url":"https:\/\/www.sirin.eu\/et\/","name":"SIRIN","description":"","potentialAction":[{"@type":"SearchAction","target":{"@type":"EntryPoint","urlTemplate":"https:\/\/www.sirin.eu\/et\/?s={search_term_string}"},"query-input":{"@type":"PropertyValueSpecification","valueRequired":true,"valueName":"search_term_string"}}],"inLanguage":"et"}]}},"_links":{"self":[{"href":"https:\/\/www.sirin.eu\/et\/wp-json\/wp\/v2\/pages\/1223","targetHints":{"allow":["GET"]}}],"collection":[{"href":"https:\/\/www.sirin.eu\/et\/wp-json\/wp\/v2\/pages"}],"about":[{"href":"https:\/\/www.sirin.eu\/et\/wp-json\/wp\/v2\/types\/page"}],"author":[{"embeddable":true,"href":"https:\/\/www.sirin.eu\/et\/wp-json\/wp\/v2\/users\/1"}],"replies":[{"embeddable":true,"href":"https:\/\/www.sirin.eu\/et\/wp-json\/wp\/v2\/comments?post=1223"}],"version-history":[{"count":4,"href":"https:\/\/www.sirin.eu\/et\/wp-json\/wp\/v2\/pages\/1223\/revisions"}],"predecessor-version":[{"id":4331,"href":"https:\/\/www.sirin.eu\/et\/wp-json\/wp\/v2\/pages\/1223\/revisions\/4331"}],"wp:attachment":[{"href":"https:\/\/www.sirin.eu\/et\/wp-json\/wp\/v2\/media?parent=1223"}],"curies":[{"name":"wp","href":"https:\/\/api.w.org\/{rel}","templated":true}]}}