{"id":2310,"date":"2025-03-07T13:58:57","date_gmt":"2025-03-07T11:58:57","guid":{"rendered":"https:\/\/www.sirin.eu\/environmental-policy\/"},"modified":"2026-03-31T10:57:02","modified_gmt":"2026-03-31T07:57:02","slug":"keskkonnapoliitika","status":"publish","type":"page","link":"https:\/\/www.sirin.eu\/et\/keskkonnapoliitika\/","title":{"rendered":"KESKKONNAPOLIITIKA"},"content":{"rendered":"\n<h3 class=\"wp-block-heading\">1. <strong>POLIITIKA SISU, REGULEERIMISALA<\/strong><\/h3>\n\n\n\n<p>1.1. Keskkonnapoliitika (edaspidi \u201e<strong>poliitika<\/strong>\u201c) m\u00e4\u00e4ratleb p\u00f5him\u00f5tted, mida peavad j\u00e4rgima UAB ME HOLDING NT (edaspidi \u201e<strong>ettev\u00f5te<\/strong>\u201c) kontserni ettev\u00f5tted, et kaitsta keskkonda ja selle ressursse ning minimeerida kontserni ettev\u00f5tete m\u00f5ju kliimamuutustele.<\/p>\n\n\n\n<p>1.2. Poliitika eesm\u00e4rk on m\u00e4\u00e4ratleda kontserni ettev\u00f5tete keskkonnakaitse \u00fclds\u00e4tted ja p\u00f5him\u00f5tted, mille kohaselt hoitakse keskkonda ning v\u00e4hendatakse m\u00f5ju kliimamuutusele. Poliitikat j\u00e4rgides p\u00fc\u00fcavad kontserni ettev\u00f5tted j\u00e4rgida oma tegevusele siduvate \u00f5igusaktide n\u00f5udeid ja olla eeskujuks \u00fclej\u00e4\u00e4nud kontserni ettev\u00f5tetele j\u00e4tkusuutlikkuse ning heade tavade arendamise valdkonnas.<\/p>\n\n\n\n<p>1.3. Selles poliitikas on allpool loetletud m\u00f5istetel j\u00e4rgmine t\u00e4hendus:<\/p>\n\n\n\n<p>1.3.1. <strong>BREEAM (Building Research Establishment Environmental Assessment Method) <\/strong>\u2013 rahvusvaheline ehitiste j\u00e4tkusuutlikkuse hindamise ja valideerimise standard.<\/p>\n\n\n\n<p>1.3.2. <strong>Kontserni ettev\u00f5te<\/strong> t\u00e4hendab ettev\u00f5tet, mida ettev\u00f5te otseselt ja\/v\u00f5i kaudselt kontrollib, olenemata ettev\u00f5tte tegevuse laadist v\u00f5i kohtualluvusest, kus ta tegutseb, muu hulgas ettev\u00f5te;<\/p>\n\n\n\n<p>1.3.3. <strong>ISO 14001<\/strong> t\u00e4hendab keskkonnajuhtimiss\u00fcsteemi standardit, mis m\u00e4\u00e4ratleb n\u00f5uded organisatsiooni t\u00f5hususe t\u00e4iustamiseks, v\u00e4hendades kulusid ja minimeerides samal ajal keskkonnam\u00f5ju.<\/p>\n\n\n\n<p>1.3.4. <strong>KHG<\/strong> \u2013 kasvuhoonegaasid.<\/p>\n\n\n\n<p>1.3.5. <strong>J\u00e4tkusuutlikkust (s\u00e4\u00e4stvat arengut)<\/strong> tuleb kontserni ettev\u00f5tetes m\u00f5ista kui kontserni ettev\u00f5tete mitmetahulist kohustust saavutada j\u00e4tkusuutlik <strong>tasakaal<\/strong> majandusliku ja sotsiaalse arengu ning keskkonnavajaduste vahel. Kontserni ettev\u00f5tted jagavad seisukohta, et majandusareng, sotsiaalne areng ja keskkonnakaitse on omavahel seotud ning teineteist t\u00e4iendavad s\u00e4\u00e4stva arengu komponendid.<\/p>\n\n\n\n<p>1.4. Muudel poliitikas kasutatavatel terminitel on sama t\u00e4hendus, mis on m\u00e4\u00e4ratletud keskkonnaalastes \u00f5igusaktides.<\/p>\n\n\n\n<h3 class=\"wp-block-heading\">2. <strong>ESMAT\u00c4HTSAD POLIITIKAD JA P\u00d5HIM\u00d5TTED<\/strong><\/h3>\n\n\n\n<p>2.1. Et aidata kaasa kliimamuutuste leevendamisele, seavad kontserni ettev\u00f5tted k\u00e4esolevaga keskkonnaprioriteedid:<\/p>\n\n\n\n<p>2.1.1. Energiatarbimise j\u00e4lgimine kontserni ettev\u00f5tete hallatavates rajatistes ja taastuvate energiaallikate kasutamise suurendamine kontserni ettev\u00f5tete tegevuses, eesm\u00e4rgiga t\u00e4iustada energiat\u00f5husust ning kaitsta keskkonda;<\/p>\n\n\n\n<p>2.1.2. KHG heitkoguste v\u00e4hendamine kontserni ettev\u00f5tete tegevuses, keskendudes t\u00f6\u00f6tingimustele ning protsesside ja tegevuste optimeerimisele, et minimeerida keskkonnam\u00f5ju;<\/p>\n\n\n\n<p>2.1.3. J\u00e4\u00e4tmehaldus, vastutustundlik sorteerimine;<\/p>\n\n\n\n<p>2.1.4. Teabe levitamine keskkonnan\u00f5uete ja parimate tavade kohta kontserni ettev\u00f5tetes, suhtlemine j\u00e4tkusuutlike v\u00e4lispartneritega, kes j\u00e4rgivad s\u00e4\u00e4stva arengu p\u00f5him\u00f5tteid, kontserni ettev\u00f5tete keskkonnam\u00f5ju j\u00e4lgimine.<\/p>\n\n\n\n<p>2.2. Kontserni ettev\u00f5tted juhinduvad s\u00e4\u00e4stva arengu p\u00f5him\u00f5tetest ja rakendavad seet\u00f5ttu oma tegevuses suurima kasuliku keskkonnam\u00f5juga p\u00f5him\u00f5tteid:<\/p>\n\n\n\n<p>2.2.1. Kontserni ettev\u00f5tted kohustuvad j\u00e4rgima k\u00f5iki keskkonnan\u00f5udeid ja muid regulatiivseid \u00f5igusakte, mis on kohustuslikud kontserni ettev\u00f5tete \u00e4ritegevuses ja mis m\u00f5jutavad otsuseid, mis on seotud kontserni ettev\u00f5tete tegevuse mis tahes keskkonnam\u00f5juga;<\/p>\n\n\n\n<p>2.2.2. Kontserni ettev\u00f5tted kohustuvad tagama, et keskkonnak\u00fcsimustega tegeletakse kontserni ettev\u00f5tetes koosk\u00f5las k\u00f5rgeimate rahvusvaheliste standarditega, kasutades kaasaegseid t\u00f6\u00f6riistu ja t\u00f5husaid protsesse;<\/p>\n\n\n\n<p>2.2.3. Kontserni ettev\u00f5tete eesm\u00e4rk on investeerida taastuvenergia arendamisse ja kasutada oma tegevuses v\u00f5imalikult palju rohelist energiat, v\u00e4hendades seel\u00e4bi nende keskkonnam\u00f5ju;<\/p>\n\n\n\n<p>2.2.4. Kontserni ettev\u00f5tted p\u00fc\u00fcavad kasutada tehnoloogilisi lahendusi, et optimeerida tegevusprotsesse, mis m\u00f5jutavad otseselt kontserni ettev\u00f5tete tegevuse keskkonnam\u00f5ju, v\u00e4hendades energiaallikate kulusid kontserni ettev\u00f5tete hallatavates rajatistes ning rakendades meetmeid keskkonnam\u00f5ju v\u00e4ltimiseks: eesm\u00e4rgiks on edendada vee ja muude ressursside ratsionaalset ja s\u00e4\u00e4stvat haldamist ning kasutamist ning julgustada vastutustundlikku ja t\u00f5husat energiakasutust, kaasates kontserni ettev\u00f5tete tegevuse m\u00f5ju leevendamisse kontserni ettev\u00f5tete t\u00f6\u00f6tajad, kliendid, tarnijad, t\u00f6\u00f6v\u00f5tjad;<\/p>\n\n\n\n<p>2.2.5. Kontserni ettev\u00f5tted on p\u00fchendunud kontserni ettev\u00f5tetes tekkivate j\u00e4\u00e4tmete koguse v\u00e4hendamisele, sorteerimisele ja taaskasutamisele;<\/p>\n\n\n\n<p>2.2.6. Kontserni ettev\u00f5tted kohustuvad pidevalt j\u00e4lgima, kontrollima ja avalikult teavitama t\u00f6\u00f6tajaid, kliente, investoreid ja muid sidusr\u00fchmi oma keskkonnategevuse tulemuslikkuse eesm\u00e4rkidest, toimingutest ja tulemuslikkusest.<\/p>\n\n\n\n<h3 class=\"wp-block-heading\">3. <strong>POLIITIKA RAKENDAMINE<\/strong><\/h3>\n\n\n\n<p>3.1. Eespool kirjeldatud keskkonnakaitse p\u00f5him\u00f5tete ja suuniste rakendamiseks kontserni ettev\u00f5tted kasutavad \/ kavatsevad kasutada j\u00e4rgmisi meetmeid:<\/p>\n\n\n\n<p>3.1.1. Kontserni ettev\u00f5tete tegevuse kliimaga seotud aspektide hindamine ja m\u00f5ju v\u00e4hendamine;<\/p>\n\n\n\n<p>3.1.2. Kontserni ettev\u00f5tete eesm\u00e4rkide seadmine ja s\u00f5nastamine, mis on seotud rohelise energia kasutamise suurendamisega, veetarbimise v\u00e4hendamisega kontserni ettev\u00f5tete rajatistes ning s\u00f5idukite k\u00fctusetarbimise v\u00e4hendamisega, v\u00f5ttes arvesse v\u00e4hem saastavate transpordivahendite kasutamise v\u00f5imalusi kontserni ettev\u00f5tete tegevuses;<\/p>\n\n\n\n<p>3.1.3. Alternatiivsete lahenduste otsimine kontserni ettev\u00f5tete organisatsioonis, et v\u00e4hendada kasvuhoonegaaside (KHG) heitkoguseid nende igap\u00e4evases tegevuses (\u00e4rireiside v\u00e4hendamine, asendades need alternatiividega, nagu veebikohtumised, k\u00fclastuste optimeerimine jne);<\/p>\n\n\n\n<p>3.1.4. Eesm\u00e4rk on sertifitseerida kontserni ettev\u00f5tete hooned BREEAM standardi j\u00e4rgi, valides keskkonnas\u00f5bralikud tehnoloogiad ja materjalid;<\/p>\n\n\n\n<p>3.1.5. Eesm\u00e4rk on tagada kontserni ettev\u00f5tete keskkonnategevuse tulemuslikkuse pidev t\u00e4iustamine, kontserni ettev\u00f5tteid julgustatakse v\u00f5tma kasutusele ISO 14001 standard;<\/p>\n\n\n\n<p>3.1.6. Pidev ennetamine, juhtides t\u00f6\u00f6tajate, klientide, tarnijate ja t\u00f6\u00f6v\u00f5tjate t\u00e4helepanu j\u00e4tkusuutlike lahenduste kasutamisele kontserni ettev\u00f5tetega seotud tegevustes;<\/p>\n\n\n\n<p>3.1.7. Kontserni ettev\u00f5tete siseauditid, tulemuste j\u00e4lgimine, anal\u00fc\u00fcsimine ning kommentaaride ja soovituste esitamine j\u00e4tkusuutlikkuse ja keskkonnam\u00f5ju v\u00e4hendamise k\u00fcsimustes;<\/p>\n\n\n\n<p>3.1.8. Kontserni ettev\u00f5tete t\u00f6\u00f6tajate p\u00e4devuse arendamine ja vastutustundlik suhtumine keskkonnakaitsesse.<\/p>\n\n\n\n<h2 class=\"wp-block-heading\">4. <strong>L\u00d5PPS\u00c4TTED<\/strong><\/h2>\n\n\n\n<p>Poliitika kiidetakse heaks ja seda muudetakse ettev\u00f5tte tegevjuhi otsusega.<\/p>\n","protected":false},"excerpt":{"rendered":"<p>1. POLIITIKA SISU, REGULEERIMISALA 1.1. Keskkonnapoliitika (edaspidi \u201epoliitika\u201c) m\u00e4\u00e4ratleb p\u00f5him\u00f5tted, mida peavad j\u00e4rgima UAB ME HOLDING NT (edaspidi \u201eettev\u00f5te\u201c) kontserni ettev\u00f5tted, et kaitsta keskkonda ja selle ressursse ning minimeerida kontserni ettev\u00f5tete m\u00f5ju kliimamuutustele. 1.2. Poliitika eesm\u00e4rk on m\u00e4\u00e4ratleda kontserni ettev\u00f5tete keskkonnakaitse \u00fclds\u00e4tted ja p\u00f5him\u00f5tted, mille kohaselt hoitakse keskkonda ning v\u00e4hendatakse m\u00f5ju kliimamuutusele. Poliitikat j\u00e4rgides p\u00fc\u00fcavad [&hellip;]<\/p>\n","protected":false},"author":1,"featured_media":0,"parent":0,"menu_order":0,"comment_status":"closed","ping_status":"closed","template":"template-privacy.blade.php","meta":{"_acf_changed":false,"inline_featured_image":false,"footnotes":""},"class_list":["post-2310","page","type-page","status-publish","hentry"],"acf":[],"yoast_head":"<!-- This site is optimized with the Yoast SEO plugin v26.6 - https:\/\/yoast.com\/wordpress\/plugins\/seo\/ -->\n<title>Keskkonnapoliitika ja s\u00e4\u00e4stlik arendus | Sirin Development<\/title>\n<meta name=\"description\" content=\"Sirin Development rakendab korruptsiooni suhtes nulltolerantsi. Poliitika tagab l\u00e4bipaistva \u00e4rijuhtimise ja ausa konkurentsi Balti riikides.\" \/>\n<meta name=\"robots\" content=\"index, follow, max-snippet:-1, max-image-preview:large, max-video-preview:-1\" \/>\n<link rel=\"canonical\" href=\"https:\/\/www.sirin.eu\/et\/keskkonnapoliitika\/\" \/>\n<meta property=\"og:locale\" content=\"et_EE\" \/>\n<meta property=\"og:type\" content=\"article\" \/>\n<meta property=\"og:title\" content=\"Keskkonnapoliitika ja s\u00e4\u00e4stlik arendus | Sirin Development\" \/>\n<meta property=\"og:description\" content=\"Sirin Development rakendab korruptsiooni suhtes nulltolerantsi. Poliitika tagab l\u00e4bipaistva \u00e4rijuhtimise ja ausa konkurentsi Balti riikides.\" \/>\n<meta property=\"og:url\" content=\"https:\/\/www.sirin.eu\/et\/keskkonnapoliitika\/\" \/>\n<meta property=\"og:site_name\" content=\"SIRIN\" \/>\n<meta property=\"article:modified_time\" content=\"2026-03-31T07:57:02+00:00\" \/>\n<meta property=\"og:image\" content=\"https:\/\/www.sirin.eu\/app\/uploads\/2023\/12\/J55-scaled.jpg\" \/>\n\t<meta property=\"og:image:width\" content=\"2560\" \/>\n\t<meta property=\"og:image:height\" content=\"1466\" \/>\n\t<meta property=\"og:image:type\" content=\"image\/jpeg\" \/>\n<meta name=\"twitter:card\" content=\"summary_large_image\" \/>\n<meta name=\"twitter:label1\" content=\"Est. reading time\" \/>\n\t<meta name=\"twitter:data1\" content=\"4 minutes\" \/>\n<script type=\"application\/ld+json\" class=\"yoast-schema-graph\">{\"@context\":\"https:\/\/schema.org\",\"@graph\":[{\"@type\":\"WebPage\",\"@id\":\"https:\/\/www.sirin.eu\/et\/keskkonnapoliitika\/\",\"url\":\"https:\/\/www.sirin.eu\/et\/keskkonnapoliitika\/\",\"name\":\"Keskkonnapoliitika ja s\u00e4\u00e4stlik arendus | Sirin Development\",\"isPartOf\":{\"@id\":\"https:\/\/www.sirin.eu\/et\/#website\"},\"datePublished\":\"2025-03-07T11:58:57+00:00\",\"dateModified\":\"2026-03-31T07:57:02+00:00\",\"description\":\"Sirin Development rakendab korruptsiooni suhtes nulltolerantsi. Poliitika tagab l\u00e4bipaistva \u00e4rijuhtimise ja ausa konkurentsi Balti riikides.\",\"breadcrumb\":{\"@id\":\"https:\/\/www.sirin.eu\/et\/keskkonnapoliitika\/#breadcrumb\"},\"inLanguage\":\"et\",\"potentialAction\":[{\"@type\":\"ReadAction\",\"target\":[\"https:\/\/www.sirin.eu\/et\/keskkonnapoliitika\/\"]}]},{\"@type\":\"BreadcrumbList\",\"@id\":\"https:\/\/www.sirin.eu\/et\/keskkonnapoliitika\/#breadcrumb\",\"itemListElement\":[{\"@type\":\"ListItem\",\"position\":1,\"name\":\"Home\",\"item\":\"https:\/\/www.sirin.eu\/et\/\"},{\"@type\":\"ListItem\",\"position\":2,\"name\":\"KESKKONNAPOLIITIKA\"}]},{\"@type\":\"WebSite\",\"@id\":\"https:\/\/www.sirin.eu\/et\/#website\",\"url\":\"https:\/\/www.sirin.eu\/et\/\",\"name\":\"SIRIN\",\"description\":\"\",\"potentialAction\":[{\"@type\":\"SearchAction\",\"target\":{\"@type\":\"EntryPoint\",\"urlTemplate\":\"https:\/\/www.sirin.eu\/et\/?s={search_term_string}\"},\"query-input\":{\"@type\":\"PropertyValueSpecification\",\"valueRequired\":true,\"valueName\":\"search_term_string\"}}],\"inLanguage\":\"et\"}]}<\/script>\n<!-- \/ Yoast SEO plugin. -->","yoast_head_json":{"title":"Keskkonnapoliitika ja s\u00e4\u00e4stlik arendus | Sirin Development","description":"Sirin Development rakendab korruptsiooni suhtes nulltolerantsi. Poliitika tagab l\u00e4bipaistva \u00e4rijuhtimise ja ausa konkurentsi Balti riikides.","robots":{"index":"index","follow":"follow","max-snippet":"max-snippet:-1","max-image-preview":"max-image-preview:large","max-video-preview":"max-video-preview:-1"},"canonical":"https:\/\/www.sirin.eu\/et\/keskkonnapoliitika\/","og_locale":"et_EE","og_type":"article","og_title":"Keskkonnapoliitika ja s\u00e4\u00e4stlik arendus | Sirin Development","og_description":"Sirin Development rakendab korruptsiooni suhtes nulltolerantsi. Poliitika tagab l\u00e4bipaistva \u00e4rijuhtimise ja ausa konkurentsi Balti riikides.","og_url":"https:\/\/www.sirin.eu\/et\/keskkonnapoliitika\/","og_site_name":"SIRIN","article_modified_time":"2026-03-31T07:57:02+00:00","og_image":[{"width":2560,"height":1466,"url":"https:\/\/www.sirin.eu\/app\/uploads\/2023\/12\/J55-scaled.jpg","type":"image\/jpeg"}],"twitter_card":"summary_large_image","twitter_misc":{"Est. reading time":"4 minutes"},"schema":{"@context":"https:\/\/schema.org","@graph":[{"@type":"WebPage","@id":"https:\/\/www.sirin.eu\/et\/keskkonnapoliitika\/","url":"https:\/\/www.sirin.eu\/et\/keskkonnapoliitika\/","name":"Keskkonnapoliitika ja s\u00e4\u00e4stlik arendus | Sirin Development","isPartOf":{"@id":"https:\/\/www.sirin.eu\/et\/#website"},"datePublished":"2025-03-07T11:58:57+00:00","dateModified":"2026-03-31T07:57:02+00:00","description":"Sirin Development rakendab korruptsiooni suhtes nulltolerantsi. Poliitika tagab l\u00e4bipaistva \u00e4rijuhtimise ja ausa konkurentsi Balti riikides.","breadcrumb":{"@id":"https:\/\/www.sirin.eu\/et\/keskkonnapoliitika\/#breadcrumb"},"inLanguage":"et","potentialAction":[{"@type":"ReadAction","target":["https:\/\/www.sirin.eu\/et\/keskkonnapoliitika\/"]}]},{"@type":"BreadcrumbList","@id":"https:\/\/www.sirin.eu\/et\/keskkonnapoliitika\/#breadcrumb","itemListElement":[{"@type":"ListItem","position":1,"name":"Home","item":"https:\/\/www.sirin.eu\/et\/"},{"@type":"ListItem","position":2,"name":"KESKKONNAPOLIITIKA"}]},{"@type":"WebSite","@id":"https:\/\/www.sirin.eu\/et\/#website","url":"https:\/\/www.sirin.eu\/et\/","name":"SIRIN","description":"","potentialAction":[{"@type":"SearchAction","target":{"@type":"EntryPoint","urlTemplate":"https:\/\/www.sirin.eu\/et\/?s={search_term_string}"},"query-input":{"@type":"PropertyValueSpecification","valueRequired":true,"valueName":"search_term_string"}}],"inLanguage":"et"}]}},"_links":{"self":[{"href":"https:\/\/www.sirin.eu\/et\/wp-json\/wp\/v2\/pages\/2310","targetHints":{"allow":["GET"]}}],"collection":[{"href":"https:\/\/www.sirin.eu\/et\/wp-json\/wp\/v2\/pages"}],"about":[{"href":"https:\/\/www.sirin.eu\/et\/wp-json\/wp\/v2\/types\/page"}],"author":[{"embeddable":true,"href":"https:\/\/www.sirin.eu\/et\/wp-json\/wp\/v2\/users\/1"}],"replies":[{"embeddable":true,"href":"https:\/\/www.sirin.eu\/et\/wp-json\/wp\/v2\/comments?post=2310"}],"version-history":[{"count":2,"href":"https:\/\/www.sirin.eu\/et\/wp-json\/wp\/v2\/pages\/2310\/revisions"}],"predecessor-version":[{"id":4345,"href":"https:\/\/www.sirin.eu\/et\/wp-json\/wp\/v2\/pages\/2310\/revisions\/4345"}],"wp:attachment":[{"href":"https:\/\/www.sirin.eu\/et\/wp-json\/wp\/v2\/media?parent=2310"}],"curies":[{"name":"wp","href":"https:\/\/api.w.org\/{rel}","templated":true}]}}