{"id":1131,"date":"2023-12-19T23:06:27","date_gmt":"2023-12-19T21:06:27","guid":{"rendered":"https:\/\/www.sirin.eu\/our-projects\/"},"modified":"2026-03-31T11:03:47","modified_gmt":"2026-03-31T08:03:47","slug":"musu-projekti","status":"publish","type":"page","link":"https:\/\/www.sirin.eu\/lv\/musu-projekti\/","title":{"rendered":"M\u016bsu projekti"},"content":{"rendered":"","protected":false},"excerpt":{"rendered":"","protected":false},"author":1,"featured_media":0,"parent":0,"menu_order":0,"comment_status":"closed","ping_status":"closed","template":"projects.blade.php","meta":{"_acf_changed":false,"inline_featured_image":false,"footnotes":""},"class_list":["post-1131","page","type-page","status-publish","hentry"],"acf":[],"yoast_head":"<!-- This site is optimized with the Yoast SEO plugin v26.6 - https:\/\/yoast.com\/wordpress\/plugins\/seo\/ -->\n<title>A++ logistikas parku un noliktavu projekti | Sirin Development<\/title>\n<meta name=\"description\" content=\"Sirin Development prezent\u0113 \u012bstenotos A++ klases logistikas parku projektus. Atvej\u0173 anal\u012bze atkl\u0101j industri\u0101l\u0101 NT efektivit\u0101ti Baltijas valst\u012bs.\" \/>\n<meta name=\"robots\" content=\"index, follow, max-snippet:-1, max-image-preview:large, max-video-preview:-1\" \/>\n<link rel=\"canonical\" href=\"https:\/\/www.sirin.eu\/lv\/musu-projekti\/\" \/>\n<meta property=\"og:locale\" content=\"lv_LV\" \/>\n<meta property=\"og:type\" content=\"article\" \/>\n<meta property=\"og:title\" content=\"A++ logistikas parku un noliktavu projekti | Sirin Development\" \/>\n<meta property=\"og:description\" content=\"Sirin Development prezent\u0113 \u012bstenotos A++ klases logistikas parku projektus. Atvej\u0173 anal\u012bze atkl\u0101j industri\u0101l\u0101 NT efektivit\u0101ti Baltijas valst\u012bs.\" \/>\n<meta property=\"og:url\" content=\"https:\/\/www.sirin.eu\/lv\/musu-projekti\/\" \/>\n<meta property=\"og:site_name\" content=\"Sirin\" \/>\n<meta property=\"article:modified_time\" content=\"2026-03-31T08:03:47+00:00\" \/>\n<meta property=\"og:image\" content=\"https:\/\/www.sirin.eu\/app\/uploads\/2023\/12\/J55-scaled.jpg\" \/>\n\t<meta property=\"og:image:width\" content=\"2560\" \/>\n\t<meta property=\"og:image:height\" content=\"1466\" \/>\n\t<meta property=\"og:image:type\" content=\"image\/jpeg\" \/>\n<meta name=\"twitter:card\" content=\"summary_large_image\" \/>\n<script type=\"application\/ld+json\" class=\"yoast-schema-graph\">{\"@context\":\"https:\/\/schema.org\",\"@graph\":[{\"@type\":\"WebPage\",\"@id\":\"https:\/\/www.sirin.eu\/lv\/musu-projekti\/\",\"url\":\"https:\/\/www.sirin.eu\/lv\/musu-projekti\/\",\"name\":\"A++ logistikas parku un noliktavu projekti | Sirin Development\",\"isPartOf\":{\"@id\":\"https:\/\/www.sirin.eu\/lv\/#website\"},\"datePublished\":\"2023-12-19T21:06:27+00:00\",\"dateModified\":\"2026-03-31T08:03:47+00:00\",\"description\":\"Sirin Development prezent\u0113 \u012bstenotos A++ klases logistikas parku projektus. Atvej\u0173 anal\u012bze atkl\u0101j industri\u0101l\u0101 NT efektivit\u0101ti Baltijas valst\u012bs.\",\"breadcrumb\":{\"@id\":\"https:\/\/www.sirin.eu\/lv\/musu-projekti\/#breadcrumb\"},\"inLanguage\":\"lv-LV\",\"potentialAction\":[{\"@type\":\"ReadAction\",\"target\":[\"https:\/\/www.sirin.eu\/lv\/musu-projekti\/\"]}]},{\"@type\":\"BreadcrumbList\",\"@id\":\"https:\/\/www.sirin.eu\/lv\/musu-projekti\/#breadcrumb\",\"itemListElement\":[{\"@type\":\"ListItem\",\"position\":1,\"name\":\"Home\",\"item\":\"https:\/\/www.sirin.eu\/lv\/\"},{\"@type\":\"ListItem\",\"position\":2,\"name\":\"M\u016bsu projekti\"}]},{\"@type\":\"WebSite\",\"@id\":\"https:\/\/www.sirin.eu\/lv\/#website\",\"url\":\"https:\/\/www.sirin.eu\/lv\/\",\"name\":\"Sirin\",\"description\":\"\",\"potentialAction\":[{\"@type\":\"SearchAction\",\"target\":{\"@type\":\"EntryPoint\",\"urlTemplate\":\"https:\/\/www.sirin.eu\/lv\/?s={search_term_string}\"},\"query-input\":{\"@type\":\"PropertyValueSpecification\",\"valueRequired\":true,\"valueName\":\"search_term_string\"}}],\"inLanguage\":\"lv-LV\"}]}<\/script>\n<!-- \/ Yoast SEO plugin. -->","yoast_head_json":{"title":"A++ logistikas parku un noliktavu projekti | Sirin Development","description":"Sirin Development prezent\u0113 \u012bstenotos A++ klases logistikas parku projektus. Atvej\u0173 anal\u012bze atkl\u0101j industri\u0101l\u0101 NT efektivit\u0101ti Baltijas valst\u012bs.","robots":{"index":"index","follow":"follow","max-snippet":"max-snippet:-1","max-image-preview":"max-image-preview:large","max-video-preview":"max-video-preview:-1"},"canonical":"https:\/\/www.sirin.eu\/lv\/musu-projekti\/","og_locale":"lv_LV","og_type":"article","og_title":"A++ logistikas parku un noliktavu projekti | Sirin Development","og_description":"Sirin Development prezent\u0113 \u012bstenotos A++ klases logistikas parku projektus. Atvej\u0173 anal\u012bze atkl\u0101j industri\u0101l\u0101 NT efektivit\u0101ti Baltijas valst\u012bs.","og_url":"https:\/\/www.sirin.eu\/lv\/musu-projekti\/","og_site_name":"Sirin","article_modified_time":"2026-03-31T08:03:47+00:00","og_image":[{"width":2560,"height":1466,"url":"https:\/\/www.sirin.eu\/app\/uploads\/2023\/12\/J55-scaled.jpg","type":"image\/jpeg"}],"twitter_card":"summary_large_image","schema":{"@context":"https:\/\/schema.org","@graph":[{"@type":"WebPage","@id":"https:\/\/www.sirin.eu\/lv\/musu-projekti\/","url":"https:\/\/www.sirin.eu\/lv\/musu-projekti\/","name":"A++ logistikas parku un noliktavu projekti | Sirin Development","isPartOf":{"@id":"https:\/\/www.sirin.eu\/lv\/#website"},"datePublished":"2023-12-19T21:06:27+00:00","dateModified":"2026-03-31T08:03:47+00:00","description":"Sirin Development prezent\u0113 \u012bstenotos A++ klases logistikas parku projektus. Atvej\u0173 anal\u012bze atkl\u0101j industri\u0101l\u0101 NT efektivit\u0101ti Baltijas valst\u012bs.","breadcrumb":{"@id":"https:\/\/www.sirin.eu\/lv\/musu-projekti\/#breadcrumb"},"inLanguage":"lv-LV","potentialAction":[{"@type":"ReadAction","target":["https:\/\/www.sirin.eu\/lv\/musu-projekti\/"]}]},{"@type":"BreadcrumbList","@id":"https:\/\/www.sirin.eu\/lv\/musu-projekti\/#breadcrumb","itemListElement":[{"@type":"ListItem","position":1,"name":"Home","item":"https:\/\/www.sirin.eu\/lv\/"},{"@type":"ListItem","position":2,"name":"M\u016bsu projekti"}]},{"@type":"WebSite","@id":"https:\/\/www.sirin.eu\/lv\/#website","url":"https:\/\/www.sirin.eu\/lv\/","name":"Sirin","description":"","potentialAction":[{"@type":"SearchAction","target":{"@type":"EntryPoint","urlTemplate":"https:\/\/www.sirin.eu\/lv\/?s={search_term_string}"},"query-input":{"@type":"PropertyValueSpecification","valueRequired":true,"valueName":"search_term_string"}}],"inLanguage":"lv-LV"}]}},"_links":{"self":[{"href":"https:\/\/www.sirin.eu\/lv\/wp-json\/wp\/v2\/pages\/1131","targetHints":{"allow":["GET"]}}],"collection":[{"href":"https:\/\/www.sirin.eu\/lv\/wp-json\/wp\/v2\/pages"}],"about":[{"href":"https:\/\/www.sirin.eu\/lv\/wp-json\/wp\/v2\/types\/page"}],"author":[{"embeddable":true,"href":"https:\/\/www.sirin.eu\/lv\/wp-json\/wp\/v2\/users\/1"}],"replies":[{"embeddable":true,"href":"https:\/\/www.sirin.eu\/lv\/wp-json\/wp\/v2\/comments?post=1131"}],"version-history":[{"count":1,"href":"https:\/\/www.sirin.eu\/lv\/wp-json\/wp\/v2\/pages\/1131\/revisions"}],"predecessor-version":[{"id":1156,"href":"https:\/\/www.sirin.eu\/lv\/wp-json\/wp\/v2\/pages\/1131\/revisions\/1156"}],"wp:attachment":[{"href":"https:\/\/www.sirin.eu\/lv\/wp-json\/wp\/v2\/media?parent=1131"}],"curies":[{"name":"wp","href":"https:\/\/api.w.org\/{rel}","templated":true}]}}